{"id":90,"date":"2014-08-15T01:47:57","date_gmt":"2014-08-14T22:47:57","guid":{"rendered":"http:\/\/natanskop.com\/?page_id=90"},"modified":"2020-04-28T10:54:37","modified_gmt":"2020-04-28T07:54:37","slug":"odot","status":"publish","type":"page","link":"https:\/\/natanskop.com\/he\/odot\/","title":{"rendered":"\u05d0\u05d5\u05d3\u05d5\u05ea"},"content":{"rendered":"\n<div class=\"wp-block-image\"><figure class=\"alignleft size-large is-resized\"><img loading=\"lazy\" decoding=\"async\" data-attachment-id=\"1036\" data-permalink=\"https:\/\/natanskop.com\/he\/odot\/_dsc6180-smer2\/\" data-orig-file=\"https:\/\/natanskop.com\/natanskop\/wp-content\/uploads\/2020\/04\/DSC6180-smer2-1.jpg\" data-orig-size=\"1135,1700\" data-comments-opened=\"0\" data-image-meta=\"{&quot;aperture&quot;:&quot;0&quot;,&quot;credit&quot;:&quot;&quot;,&quot;camera&quot;:&quot;&quot;,&quot;caption&quot;:&quot;&quot;,&quot;created_timestamp&quot;:&quot;1495316158&quot;,&quot;copyright&quot;:&quot;&quot;,&quot;focal_length&quot;:&quot;0&quot;,&quot;iso&quot;:&quot;0&quot;,&quot;shutter_speed&quot;:&quot;0&quot;,&quot;title&quot;:&quot;&quot;,&quot;orientation&quot;:&quot;1&quot;}\" data-image-title=\"_DSC6180-smer2\" data-image-description=\"\" data-image-caption=\"\" data-large-file=\"https:\/\/natanskop.com\/natanskop\/wp-content\/uploads\/2020\/04\/DSC6180-smer2-1-684x1024.jpg\" src=\"http:\/\/natanskop.com\/wp-content\/uploads\/2020\/04\/DSC6180-smer2-1-684x1024.jpg\" alt=\"\" class=\"wp-image-1036\" width=\"188\" height=\"280\" srcset=\"https:\/\/natanskop.com\/natanskop\/wp-content\/uploads\/2020\/04\/DSC6180-smer2-1-684x1024.jpg 684w, https:\/\/natanskop.com\/natanskop\/wp-content\/uploads\/2020\/04\/DSC6180-smer2-1-1026x1536.jpg 1026w\" sizes=\"auto, (max-width: 188px) 100vw, 188px\" \/><figcaption>\u05e6\u05d9\u05dc\u05d5\u05dd: \u05e2\u05e0\u05d1\u05e8 \u05e8\u05d5\u05d8\u05e9\u05d9\u05dc\u05d3<\/figcaption><\/figure><\/div>\n\n\n\n<p>\u05e0\u05ea\u05df \u05e1\u05e7\u05d5\u05e4<\/p>\n\n\n\n<p>\u05e0\u05d5\u05dc\u05d3 \u05d1\u05d1\u05e8\u05d5\u05e7\u05dc\u05d9\u05df, \u05e0\u05d9\u05d5 \u05d9\u05d5\u05e8\u05e7. \u05d2\u05e8 \u05d9\u05e8\u05d5\u05e9\u05dc\u05d9\u05dd, \u05d9\u05e9\u05e8\u05d0\u05dc.<\/p>\n\n\n\n<p>\u05d9\u05d5\u05e6\u05e8 \u05d0\u05ea\u05e8\u05d9 \u05d0\u05d9\u05e0\u05d8\u05e8\u05e0\u05d8 \u05d5\u05ea\u05d0\u05d8\u05e8\u05d5\u05df.<\/p>\n\n\n\n<p>\u05d3\u05d5\u05d1\u05e8 \u05d0\u05e0\u05d2\u05dc\u05d9\u05ea, \u05e2\u05d1\u05e8\u05d9\u05ea, \u05d5\u05d8\u05d9\u05e4\u05d4 \u05d9\u05e4\u05e0\u05d9\u05ea.<\/p>\n\n\n\n<p>\u05de\u05e7\u05d1\u05dc \u05d1\u05e7\u05e9\u05d5\u05ea.<\/p>\n\n\n\n<p>\u05e0\u05d9\u05ea\u05df \u05dc\u05e7\u05d1\u05ea \u05e7\u05d5\u05f4\u05d7 \u05dc\u05e4\u05d9 \u05d1\u05e7\u05e9\u05d4.<\/p>\n\n\n\n<h2 class=\"wp-block-heading\">\u05e0\u05d9\u05e1\u05d9\u05d5\u05df<\/h2>\n\n\n\n<h3 class=\"wp-block-heading\">\u05d9\u05d9\u05e2\u05d5\u05e5 \u05e4\u05e8\u05d9\u05dc\u05e0\u05e1<\/h3>\n\n\n\n<ul class=\"wp-block-list\"><li><a rel=\"noreferrer noopener\" href=\"https:\/\/no-org.net\/heara13\/\" target=\"_blank\">https:\/\/no-org.net\/heara13\/<\/a> &#8211; \u05d0\u05ea\u05e8 \u05d5\u05d5\u05e8\u05d3\u05e4\u05e8\u05e1 \u05de\u05d5\u05ea\u05d0\u05dd \u05d0\u05d9\u05e9\u05d9\u05ea \u05dc\u05d0\u05d9\u05e8\u05d5\u05e2<\/li><li><a rel=\"noreferrer noopener\" href=\"http:\/\/greatgehennachoir.com\/\" target=\"_blank\">http:\/\/greatgehennachoir.com\/<\/a> &#8211; \u05d0\u05ea\u05e8 \u05d5\u05d5\u05e8\u05d3\u05e4\u05e8\u05e1 \u05d1\u05e2\u05de\u05d5\u05d3 \u05d0\u05d7\u05d3 &#8211; \u05de\u05d5\u05ea\u05d0\u05dd \u05d0\u05d9\u05e9\u05d9\u05ea<\/li><li><a rel=\"noreferrer noopener\" href=\"http:\/\/jenklor.com\/\" target=\"_blank\">http:\/\/jenklor.com\/<\/a> &#8211; \u05d0\u05ea\u05e8 \u05d5\u05d5\u05e8\u05d3\u05e4\u05e8\u05e1 \u05d1\u05e4\u05e8\u05d9\u05e1\u05ea \u05e4\u05d5\u05e8\u05d8\u05e4\u05d5\u05dc\u05d9\u05d4<\/li><li><a rel=\"noreferrer noopener\" href=\"https:\/\/campshutaf.org\/\" target=\"_blank\">https:\/\/campshutaf.org\/<\/a> &#8211; \u05d0\u05ea\u05e8 \u05d5\u05d5\u05e8\u05d3\u05e4\u05e8\u05e1 \u05de\u05d5\u05ea\u05d0\u05dd \u05d0\u05d9\u05e9\u05d9\u05ea<\/li><li><span style=\"font-weight: 400;\"><a href=\"http:\/\/bloombergvo.com\">http:\/\/bloombergvo.com<\/a>&nbsp;&#8211;&nbsp;\u05e2\u05d9\u05e6\u05d5\u05d1 \u05d5\u05d9\u05d9\u05e9\u05d5\u05dd \u05d0\u05ea\u05e8 \u05d5\u05d5\u05e8\u05d3\u05e4\u05e8\u05e1 \u05e2\u05dd&nbsp;\u05d0\u05e0\u05d9\u05de\u05e6\u05d9\u05d4 \u05de\u05d5\u05ea\u05d0\u05de\u05ea \u05d0\u05d9\u05e9\u05d9\u05ea \u05d1CSS<\/span><\/li><li><a rel=\"noopener noreferrer\" href=\"http:\/\/www.cs.huji.ac.il\/labs\/casmip\/\" target=\"_blank\">http:\/\/www.cs.huji.ac.il\/labs\/casmip\/<\/a>&nbsp;&#8211; \u05e2\u05d3\u05db\u05d5\u05df \u05d0\u05ea\u05e8 \u05deHTML \u05e1\u05d8\u05d8\u05d9 \u05dc\u05d5\u05d5\u05e8\u05d3\u05e4\u05e8\u05e1<\/li><li><a rel=\"noopener noreferrer\" href=\"http:\/\/theaterintherough.co.il\/\" target=\"_blank\">http:\/\/theaterintherough.co.il\/<\/a>&nbsp;-\u05e2\u05d9\u05e6\u05d5\u05d1 \u05d5\u05d9\u05d9\u05e9\u05d5\u05dd \u05d0\u05ea\u05e8 \u05d5\u05d5\u05e8\u05d3\u05e4\u05e8\u05e1<\/li><li><a rel=\"noopener noreferrer\" href=\"http:\/\/jpeoplehood.org\" target=\"_blank\">http:\/\/jpeoplehood.org<\/a>&nbsp;&#8211; \u05e4\u05d9\u05ea\u05d5\u05d7 \u05ea\u05d5\u05db\u05df, \u05d9\u05d9\u05e2\u05d5\u05e5, \u05d9\u05d9\u05e9\u05d5\u05dd \u05e2\u05d9\u05e6\u05d5\u05d1 \u05d5\u05d5\u05e8\u05d3\u05e4\u05e8\u05e1 \u05de\u05d5\u05ea\u05d0\u05de\u05ea \u05d0\u05d9\u05e9\u05d9\u05ea, \u05d1\u05e9\u05d9\u05ea\u05d5\u05e3 \u05e4\u05e2\u05d5\u05dc\u05d4 \u05e2\u05dd <a rel=\"noopener noreferrer\" href=\"http:\/\/jenklor.com\/\" target=\"_blank\">\u05d2\u05f3\u05e0\u05d9\u05e4\u05e8 \u05e7\u05dc\u05d5\u05e8<\/a><\/li><li><a rel=\"noopener noreferrer\" href=\"http:\/\/diabetesmediafoundation.org\/\" target=\"_blank\">http:\/\/diabetesmediafoundation.org\/<\/a>&nbsp;&#8211; \u05d9\u05d9\u05e9\u05d5\u05dd \u05e2\u05d9\u05e6\u05d5\u05d1 \u05d5\u05d5\u05e8\u05d3\u05e4\u05e8\u05e1 \u05de\u05d5\u05ea\u05d0\u05de\u05ea \u05d0\u05d9\u05e9\u05d9\u05ea, \u05d1\u05e9\u05d9\u05ea\u05d5\u05e3 \u05e4\u05e2\u05d5\u05dc\u05d4 \u05e2\u05dd <a rel=\"noopener noreferrer\" href=\"http:\/\/jenklor.com\/\" target=\"_blank\">\u05d2\u05f3\u05e0\u05d9\u05e4\u05e8 \u05e7\u05dc\u05d5\u05e8<\/a><\/li><li><a rel=\"noopener noreferrer\" href=\"http:\/\/shelterislandrisk.com\/\" target=\"_blank\">http:\/\/shelterislandrisk.com\/<\/a>&nbsp;&#8211; \u05d9\u05d9\u05e9\u05d5\u05dd \u05e2\u05d9\u05e6\u05d5\u05d1 \u05d5\u05d5\u05e8\u05d3\u05e4\u05e8\u05e1 \u05de\u05d5\u05ea\u05d0\u05de\u05ea \u05d0\u05d9\u05e9\u05d9\u05ea<\/li><li>\u05ea\u05de\u05d9\u05db\u05d4 \u05d8\u05db\u05e0\u05d9\u05ea \u05de\u05ea\u05e7\u05d3\u05dd, \u05e4\u05ea\u05e8\u05d5\u05e0\u05d5\u05ea \u05dc\u05d2\u05dc\u05d9\u05d5\u05e0\u05d5\u05ea \u05e2\u05d1\u05d5\u05d3\u05d4, \u05d5\u05e0\u05d9\u05d4\u05d5\u05dc \u05e8\u05e9\u05ea\u05d5\u05ea \u05d7\u05d1\u05e8\u05ea\u05d9\u05d5\u05ea \u05dc<a href=\"https:\/\/eve.org.il\/\" target=\"_blank\" rel=\"noreferrer noopener\">\u05d0\u05d9&quot;\u05d1<\/a><\/li><li>\u05e4\u05ea\u05e8\u05d5\u05e0\u05d5\u05ea \u05d2\u05d9\u05dc\u05d9\u05d5\u05e0\u05d5\u05ea \u05e2\u05d1\u05d5\u05d3\u05d4\/\u05de\u05d0\u05d2\u05e8\u05d9 \u05e0\u05ea\u05d5\u05e0\u05d9\u05dd, \u05d5\u05e4\u05ea\u05e8\u05d5\u05df \u05d1\u05e2\u05d9\u05d5\u05ea \u05e0\u05d9\u05d4\u05d5\u05dc \u05d0\u05ea\u05e8 \u05d5\u05e7\u05de\u05e4\u05d9\u05d9\u05e0\u05d9\u05dd \u05d1\u05de\u05d9\u05d9\u05dc \u05d1\u05e9\u05d1\u05d9\u05dc&nbsp;<a rel=\"noopener noreferrer\" href=\"http:\/\/www.campshutaf.org\" target=\"_blank\">\u05e9\u05d5\u05ea\u05e3<\/a><\/li><li>\u05d9\u05d9\u05e9\u05d5\u05dd \u05e2\u05d9\u05e6\u05d5\u05d1 \u05de\u05d5\u05ea\u05d0\u05de\u05ea \u05d0\u05d9\u05e9\u05d9\u05ea \u05d1HTML \u05de\u05d9\u05d9\u05dc\u05d9\u05dd \u05deContsant Contact \u05d5Mailchimp \u05dc\u05de\u05d2\u05d5\u05d5\u05df \u05dc\u05e7\u05d5\u05d7\u05d5\u05ea<\/li><li>\u05d9\u05d9\u05e2\u05d5\u05e5 \u05d5\u05d4\u05e0\u05db\u05ea \u05d7\u05e9\u05d1\u05d5\u05e0\u05d5\u05ea \u05d1\u05e8\u05e9\u05de\u05d5\u05ea \u05d7\u05d1\u05e8\u05ea\u05d9\u05d5\u05ea \u05dc\u05de\u05d2\u05d5\u05d5\u05df \u05dc\u05e7\u05d5\u05d7\u05d5\u05ea<\/li><li>\u05e0\u05d9\u05d4\u05d5\u05dc \u05e4\u05e8\u05d5\u05d9\u05e7\u05d8\u05d9\u05dd \u05d5\u05e2\u05d6\u05e8\u05d4 \u05d1\u05d6\u05e8\u05d9\u05de\u05ea \u05e2\u05d1\u05d5\u05d3\u05d4 \u05dc\u05de\u05d2\u05d5\u05d5\u05df \u05dc\u05e7\u05d5\u05d7\u05d5\u05ea<\/li><\/ul>\n\n\n\n<h3 class=\"wp-block-heading\">\u05ea\u05d0\u05d8\u05e8\u05d5\u05df<\/h3>\n\n\n\n<ul class=\"wp-block-list\"><li>\u05e9\u05d7\u05e7\u05df\/\u05de\u05e4\u05d9\u05e7\/\u05de\u05d9\u05d9\u05e1\u05d3 \u05d1<a rel=\"noreferrer noopener\" href=\"http:\/\/theaterintherough.co.il\/\" target=\"_blank\">\u05ea\u05d0\u05d8\u05e8\u05d5\u05df \u05d1\u05ea\u05d6\u05d5\u05d6\u05d4<\/a><\/li><li>\u05d7\u05d1\u05e8\/\u05de\u05e4\u05d9\u05e7 \u05d1<a rel=\"noreferrer noopener\" href=\"http:\/\/greatgehennachoir.com\/\" target=\"_blank\">\u05de\u05e7\u05d4\u05dc\u05ea \u05d2\u05d9\u05d0 \u05d1\u05df \u05d4\u05d9\u05e0\u05d5\u05dd<\/a><\/li><li>\u05dc\u05d9\u05d5\u05d5\u05d5\u05d9 \u05d8\u05db\u05e0\u05d9 \u05e2\u05d1\u05d5\u05e8 <a rel=\"noreferrer noopener\" href=\"https:\/\/no-org.net\/heara13\/\" target=\"_blank\">\u05d4\u05e2\u05e8\u05d4 13<\/a>, <a rel=\"noreferrer noopener\" href=\"https:\/\/festivalviral.wixsite.com\/viral\" target=\"_blank\">\u05e4\u05e1\u05d8\u05d9\u05d1\u05dc \u05d5\u05d9\u05e8\u05d0\u05dc\u05d9<\/a>, \u05d5<a rel=\"noreferrer noopener\" href=\"https:\/\/www.medaromfestival.co.il\/\" target=\"_blank\">\u05e4\u05e1\u05d8\u05d9\u05d1\u05dc \u05de\u05d3\u05e8\u05d5\u05dd<\/a> \u05d12020<\/li><li>\u05d4\u05e4\u05d9\u05e7 \u05d0\u05ea \u05de\u05ea\u05d7\u05dd \u05d4\u05d0\u05de\u05e0\u05d9\u05dd \u05e4\u05e7\u05d8\u05d5\u05e8\u05d9 \u05d1\u05ea-\u05d9\u05dd \u05de2017-18, \u05e2\u05d1\u05d3 \u05db\u05e2\u05d5\u05d6\u05e8 \u05dc\u05de\u05e0\u05d4\u05dc \u05d4\u05d0\u05de\u05e0\u05d5\u05ea\u05d9 \u05e9\u05dc \u05e4\u05e1\u05d8\u05d9\u05d1\u05dc \u05d1\u05ea-\u05d9\u05dd \u05d4\u05d1\u05d9\u05e0\u05dc\u05d5\u05d0\u05de\u05d9 \u05dc\u05ea\u05d0\u05d8\u05e8\u05d5\u05df \u05e8\u05d7\u05d5\u05d1 \u05d5\u05d0\u05de\u05e0\u05d5\u05ea \u05d12017<\/li><li>\u05d4\u05e4\u05d9\u05e7 \u05d0\u05ea \u05e4\u05e1\u05d8\u05d9\u05d1\u05dc Small\u05d1\u05de\u05d4 \u05d413, \u05e4\u05e1\u05d8\u05d9\u05d1\u05dc \u05d4\u05f4\u05d8\u05e8\u05d9\u05d5\u05d1\u05d4\u05f4 \u05e9\u05dc \u05ea\u05d5\u05d0\u05e8 \u05d4\u05e9\u05e0\u05d9 \u05d12016, \u05d5\u05d4\u05d4\u05e4\u05e7\u05d4 \u05e9\u05dc&nbsp;<em>\u05e7\u05e8\u05e0\u05e4\u05d9\u05dd<\/em> \u05d12016-17 \u05d1\u05d0\u05d5\u05e0\u05d9\u05d1\u05e8\u05e1\u05d9\u05d8\u05ea \u05ea\u05dc \u05d0\u05d1\u05d9\u05d1.<\/li><li>\u05d4\u05e4\u05e7\u05d4, \u05d1\u05d9\u05de\u05d5\u05d9, \u05e0\u05d9\u05d4\u05d5\u05dc \u05d4\u05e6\u05d2\u05d4, \u05ea\u05e4\u05e2\u05d5\u05dc \u05db\u05ea\u05d5\u05d1\u05d9\u05d5\u05ea, \u05d9\u05d5\u05e2\u05e5 \u05d9\u05d7\u05f4\u05e6, \u05e2\u05f3 \u05ea\u05e4\u05e2\u05d5\u05dc \u05ea\u05d0\u05d5\u05e8\u05d4, \u05e2\u05d9\u05d1\u05d5\u05d3 \u05ea\u05e1\u05e8\u05d9\u05d8, \u05de\u05d7\u05d6\u05d0\u05d5\u05ea \u05dc\u05de\u05d2\u05d5\u05d5\u05df \u05e7\u05d1\u05d5\u05e6\u05d5\u05ea \u05ea\u05d0\u05d8\u05e8\u05d5\u05df<\/li><li>\u05e9\u05d9\u05e8\u05d4 \u05d1\u05de\u05e7\u05dc\u05d4 \u05d5\u05d1\u05e7\u05d1\u05e8\u05d8\u05d9\u05dd<\/li><li>\u05dc\u05d5\u05de\u05d3 \u05ea\u05d0\u05d8\u05e8\u05d5\u05df \u05dc\u05ea\u05d5\u05d0\u05e8 \u05e9\u05e0\u05d9 \u05de\u05d7\u05e7\u05e8\u05d9 (MA) \u05d1<a rel=\"noopener noreferrer\" href=\"http:\/\/tau.ac.il\/\" target=\"_blank\">\u05d0\u05d5\u05e0\u05d9\u05d1\u05e8\u05e1\u05d9\u05d8\u05ea \u05ea\u05dc \u05d0\u05d1\u05d9\u05d1<\/a><\/li><li>\u05e1\u05ea\u05d0\u05d2\u05f3\u05d9\u05dd \u05d1<a rel=\"noopener noreferrer\" href=\"http:\/\/www.shakespeare.org\/\" target=\"_blank\">Shakespeare &amp; Company<\/a>, <a rel=\"noopener noreferrer\" href=\"http:\/\/www.targetmargin.org\/\" target=\"_blank\">Target Margin Theater<\/a><\/li><li>\u05d4\u05db\u05e9\u05e8\u05d4 \u05de\u05d0\u05ea&nbsp;<a rel=\"noopener noreferrer\" href=\"http:\/\/www.shakespeare.org\/\" target=\"_blank\">Shakespeare &amp; Company<\/a>&nbsp;(\u05e1\u05d3\u05e0\u05d4 \u05d0\u05d9\u05e0\u05d8\u05d9\u05e1\u05d9\u05d1\u05d9\u05ea),&nbsp;<a rel=\"noopener noreferrer\" href=\"http:\/\/piesnkozla.pl\/en\/o-nas\/\" target=\"_blank\">Song of the Goat Theatre &#8211; Teatr Pie\u015b\u0144 Koz\u0142a<\/a>&nbsp;(\u05e1\u05d3\u05e0\u05d4 \u05d1\u05de\u05d5\u05d6\u05d9\u05e7\u05dc\u05d9\u05d5\u05ea \u05d5\u05d3\u05d9\u05de\u05e0\u05d9\u05d5\u05ea), <a rel=\"noopener noreferrer\" href=\"http:\/\/www.youngplaywrights.org\/\" target=\"_blank\">Young Playwrights<\/a> (\u05e1\u05d3\u05e0\u05d4 \u05d1\u05db\u05ea\u05d9\u05d1\u05ea \u05de\u05d7\u05d6\u05d0\u05d5\u05ea)<\/li><li>\u05d4\u05e9\u05ea\u05ea\u05e3 \u05d5\u05d4\u05d5\u05d1\u05d9\u05dc \u05de\u05d2\u05d5\u05d5\u05df \u05e1\u05d3\u05e0\u05d0\u05d5\u05ea \u05d1\u05e9\u05d9\u05d9\u05e7\u05e1\u05e4\u05d9\u05e8, \u05dc\u05d9\u05e6\u05e0\u05d5\u05ea, \u05e7\u05e8\u05d1 \u05d1\u05de\u05d4, \u05de\u05d7\u05d6\u05d0\u05d5\u05ea, \u05de\u05e9\u05d7\u05e7, \u05d8\u05e7\u05e1\u05d8, \u05ea\u05e0\u05d5\u05e2\u05d4, \u05e7\u05d5\u05dc, \u05d5\u05db\u05d5\u05f3.<\/li><\/ul>\n","protected":false},"excerpt":{"rendered":"<p>\u05e0\u05ea\u05df \u05e1\u05e7\u05d5\u05e4 \u05e0\u05d5\u05dc\u05d3 \u05d1\u05d1\u05e8\u05d5\u05e7\u05dc\u05d9\u05df, \u05e0\u05d9\u05d5 \u05d9\u05d5\u05e8\u05e7. \u05d2\u05e8 \u05d9\u05e8\u05d5\u05e9\u05dc\u05d9\u05dd, \u05d9\u05e9\u05e8\u05d0\u05dc. \u05d9\u05d5\u05e6\u05e8 \u05d0\u05ea\u05e8\u05d9 \u05d0\u05d9\u05e0\u05d8\u05e8\u05e0\u05d8 \u05d5\u05ea\u05d0\u05d8\u05e8\u05d5\u05df. \u05d3\u05d5\u05d1\u05e8 \u05d0\u05e0\u05d2\u05dc\u05d9\u05ea, \u05e2\u05d1\u05e8\u05d9\u05ea, \u05d5\u05d8\u05d9\u05e4\u05d4 \u05d9\u05e4\u05e0\u05d9\u05ea. \u05de\u05e7\u05d1\u05dc \u05d1\u05e7\u05e9\u05d5\u05ea. \u05e0\u05d9\u05ea\u05df \u05dc\u05e7\u05d1\u05ea \u05e7\u05d5\u05f4\u05d7 \u05dc\u05e4\u05d9 \u05d1\u05e7\u05e9\u05d4. \u05e0\u05d9\u05e1\u05d9\u05d5\u05df \u05d9\u05d9\u05e2\u05d5\u05e5 \u05e4\u05e8\u05d9\u05dc\u05e0\u05e1 https:\/\/no-org.net\/heara13\/ &#8211; \u05d0\u05ea\u05e8 \u05d5\u05d5\u05e8\u05d3\u05e4\u05e8\u05e1 \u05de\u05d5\u05ea\u05d0\u05dd \u05d0\u05d9\u05e9\u05d9\u05ea \u05dc\u05d0\u05d9\u05e8\u05d5\u05e2 http:\/\/greatgehennachoir.com\/ &#8211; \u05d0\u05ea\u05e8 \u05d5\u05d5\u05e8\u05d3\u05e4\u05e8\u05e1 \u05d1\u05e2\u05de\u05d5\u05d3 \u05d0\u05d7\u05d3 &#8211; \u05de\u05d5\u05ea\u05d0\u05dd \u05d0\u05d9\u05e9\u05d9\u05ea http:\/\/jenklor.com\/ &#8211; \u05d0\u05ea\u05e8 \u05d5\u05d5\u05e8\u05d3\u05e4\u05e8\u05e1 \u05d1\u05e4\u05e8\u05d9\u05e1\u05ea \u05e4\u05d5\u05e8\u05d8\u05e4\u05d5\u05dc\u05d9\u05d4 https:\/\/campshutaf.org\/ &#8211; \u05d0\u05ea\u05e8 \u05d5\u05d5\u05e8\u05d3\u05e4\u05e8\u05e1 \u05de\u05d5\u05ea\u05d0\u05dd [&hellip;]<\/p>\n","protected":false},"author":1,"featured_media":0,"parent":0,"menu_order":0,"comment_status":"closed","ping_status":"open","template":"","meta":{"jetpack_post_was_ever_published":false,"footnotes":""},"class_list":["post-90","page","type-page","status-publish","hentry"],"yoast_head":"<!-- This site is optimized with the Yoast SEO plugin v27.4 - https:\/\/yoast.com\/product\/yoast-seo-wordpress\/ -->\n<title>\u05d0\u05d5\u05d3\u05d5\u05ea - \u05e0\u05ea\u05df \u05e1\u05e7\u05d5\u05e4<\/title>\n<meta name=\"robots\" content=\"index, follow, max-snippet:-1, max-image-preview:large, max-video-preview:-1\" \/>\n<link rel=\"canonical\" href=\"https:\/\/natanskop.com\/he\/odot\/\" \/>\n<meta property=\"og:locale\" content=\"he_IL\" \/>\n<meta property=\"og:type\" content=\"article\" \/>\n<meta property=\"og:title\" content=\"\u05d0\u05d5\u05d3\u05d5\u05ea - \u05e0\u05ea\u05df \u05e1\u05e7\u05d5\u05e4\" \/>\n<meta property=\"og:description\" content=\"\u05e0\u05ea\u05df \u05e1\u05e7\u05d5\u05e4 \u05e0\u05d5\u05dc\u05d3 \u05d1\u05d1\u05e8\u05d5\u05e7\u05dc\u05d9\u05df, \u05e0\u05d9\u05d5 \u05d9\u05d5\u05e8\u05e7. \u05d2\u05e8 \u05d9\u05e8\u05d5\u05e9\u05dc\u05d9\u05dd, \u05d9\u05e9\u05e8\u05d0\u05dc. \u05d9\u05d5\u05e6\u05e8 \u05d0\u05ea\u05e8\u05d9 \u05d0\u05d9\u05e0\u05d8\u05e8\u05e0\u05d8 \u05d5\u05ea\u05d0\u05d8\u05e8\u05d5\u05df. \u05d3\u05d5\u05d1\u05e8 \u05d0\u05e0\u05d2\u05dc\u05d9\u05ea, \u05e2\u05d1\u05e8\u05d9\u05ea, \u05d5\u05d8\u05d9\u05e4\u05d4 \u05d9\u05e4\u05e0\u05d9\u05ea. \u05de\u05e7\u05d1\u05dc \u05d1\u05e7\u05e9\u05d5\u05ea. \u05e0\u05d9\u05ea\u05df \u05dc\u05e7\u05d1\u05ea \u05e7\u05d5\u05f4\u05d7 \u05dc\u05e4\u05d9 \u05d1\u05e7\u05e9\u05d4. \u05e0\u05d9\u05e1\u05d9\u05d5\u05df \u05d9\u05d9\u05e2\u05d5\u05e5 \u05e4\u05e8\u05d9\u05dc\u05e0\u05e1 https:\/\/no-org.net\/heara13\/ &#8211; \u05d0\u05ea\u05e8 \u05d5\u05d5\u05e8\u05d3\u05e4\u05e8\u05e1 \u05de\u05d5\u05ea\u05d0\u05dd \u05d0\u05d9\u05e9\u05d9\u05ea \u05dc\u05d0\u05d9\u05e8\u05d5\u05e2 http:\/\/greatgehennachoir.com\/ &#8211; \u05d0\u05ea\u05e8 \u05d5\u05d5\u05e8\u05d3\u05e4\u05e8\u05e1 \u05d1\u05e2\u05de\u05d5\u05d3 \u05d0\u05d7\u05d3 &#8211; \u05de\u05d5\u05ea\u05d0\u05dd \u05d0\u05d9\u05e9\u05d9\u05ea http:\/\/jenklor.com\/ &#8211; \u05d0\u05ea\u05e8 \u05d5\u05d5\u05e8\u05d3\u05e4\u05e8\u05e1 \u05d1\u05e4\u05e8\u05d9\u05e1\u05ea \u05e4\u05d5\u05e8\u05d8\u05e4\u05d5\u05dc\u05d9\u05d4 https:\/\/campshutaf.org\/ &#8211; \u05d0\u05ea\u05e8 \u05d5\u05d5\u05e8\u05d3\u05e4\u05e8\u05e1 \u05de\u05d5\u05ea\u05d0\u05dd [&hellip;]\" \/>\n<meta property=\"og:url\" content=\"https:\/\/natanskop.com\/he\/odot\/\" \/>\n<meta property=\"og:site_name\" content=\"\u05e0\u05ea\u05df \u05e1\u05e7\u05d5\u05e4\" \/>\n<meta property=\"article:modified_time\" content=\"2020-04-28T07:54:37+00:00\" \/>\n<meta property=\"og:image\" content=\"http:\/\/natanskop.com\/wp-content\/uploads\/2020\/04\/DSC6180-smer2-1-684x1024.jpg\" \/>\n<script type=\"application\/ld+json\" class=\"yoast-schema-graph\">{\"@context\":\"https:\\\/\\\/schema.org\",\"@graph\":[{\"@type\":\"WebPage\",\"@id\":\"https:\\\/\\\/natanskop.com\\\/he\\\/odot\\\/\",\"url\":\"https:\\\/\\\/natanskop.com\\\/he\\\/odot\\\/\",\"name\":\"\u05d0\u05d5\u05d3\u05d5\u05ea - \u05e0\u05ea\u05df \u05e1\u05e7\u05d5\u05e4\",\"isPartOf\":{\"@id\":\"https:\\\/\\\/natanskop.com\\\/he\\\/#website\"},\"primaryImageOfPage\":{\"@id\":\"https:\\\/\\\/natanskop.com\\\/he\\\/odot\\\/#primaryimage\"},\"image\":{\"@id\":\"https:\\\/\\\/natanskop.com\\\/he\\\/odot\\\/#primaryimage\"},\"thumbnailUrl\":\"http:\\\/\\\/natanskop.com\\\/wp-content\\\/uploads\\\/2020\\\/04\\\/DSC6180-smer2-1-684x1024.jpg\",\"datePublished\":\"2014-08-14T22:47:57+00:00\",\"dateModified\":\"2020-04-28T07:54:37+00:00\",\"inLanguage\":\"he-IL\",\"potentialAction\":[{\"@type\":\"ReadAction\",\"target\":[\"https:\\\/\\\/natanskop.com\\\/he\\\/odot\\\/\"]}]},{\"@type\":\"ImageObject\",\"inLanguage\":\"he-IL\",\"@id\":\"https:\\\/\\\/natanskop.com\\\/he\\\/odot\\\/#primaryimage\",\"url\":\"http:\\\/\\\/natanskop.com\\\/wp-content\\\/uploads\\\/2020\\\/04\\\/DSC6180-smer2-1-684x1024.jpg\",\"contentUrl\":\"http:\\\/\\\/natanskop.com\\\/wp-content\\\/uploads\\\/2020\\\/04\\\/DSC6180-smer2-1-684x1024.jpg\"},{\"@type\":\"WebSite\",\"@id\":\"https:\\\/\\\/natanskop.com\\\/he\\\/#website\",\"url\":\"https:\\\/\\\/natanskop.com\\\/he\\\/\",\"name\":\"\u05e0\u05ea\u05df \u05e1\u05e7\u05d5\u05e4\",\"description\":\"\u05ea\u05d0\u05d8\u05e8\u05d5\u05df \\\/ \u05d0\u05d9\u05e0\u05d8\u05e8\u05e0\u05d8\",\"potentialAction\":[{\"@type\":\"SearchAction\",\"target\":{\"@type\":\"EntryPoint\",\"urlTemplate\":\"https:\\\/\\\/natanskop.com\\\/he\\\/?s={search_term_string}\"},\"query-input\":{\"@type\":\"PropertyValueSpecification\",\"valueRequired\":true,\"valueName\":\"search_term_string\"}}],\"inLanguage\":\"he-IL\"}]}<\/script>\n<!-- \/ Yoast SEO plugin. -->","yoast_head_json":{"title":"\u05d0\u05d5\u05d3\u05d5\u05ea - \u05e0\u05ea\u05df \u05e1\u05e7\u05d5\u05e4","robots":{"index":"index","follow":"follow","max-snippet":"max-snippet:-1","max-image-preview":"max-image-preview:large","max-video-preview":"max-video-preview:-1"},"canonical":"https:\/\/natanskop.com\/he\/odot\/","og_locale":"he_IL","og_type":"article","og_title":"\u05d0\u05d5\u05d3\u05d5\u05ea - \u05e0\u05ea\u05df \u05e1\u05e7\u05d5\u05e4","og_description":"\u05e0\u05ea\u05df \u05e1\u05e7\u05d5\u05e4 \u05e0\u05d5\u05dc\u05d3 \u05d1\u05d1\u05e8\u05d5\u05e7\u05dc\u05d9\u05df, \u05e0\u05d9\u05d5 \u05d9\u05d5\u05e8\u05e7. \u05d2\u05e8 \u05d9\u05e8\u05d5\u05e9\u05dc\u05d9\u05dd, \u05d9\u05e9\u05e8\u05d0\u05dc. \u05d9\u05d5\u05e6\u05e8 \u05d0\u05ea\u05e8\u05d9 \u05d0\u05d9\u05e0\u05d8\u05e8\u05e0\u05d8 \u05d5\u05ea\u05d0\u05d8\u05e8\u05d5\u05df. \u05d3\u05d5\u05d1\u05e8 \u05d0\u05e0\u05d2\u05dc\u05d9\u05ea, \u05e2\u05d1\u05e8\u05d9\u05ea, \u05d5\u05d8\u05d9\u05e4\u05d4 \u05d9\u05e4\u05e0\u05d9\u05ea. \u05de\u05e7\u05d1\u05dc \u05d1\u05e7\u05e9\u05d5\u05ea. \u05e0\u05d9\u05ea\u05df \u05dc\u05e7\u05d1\u05ea \u05e7\u05d5\u05f4\u05d7 \u05dc\u05e4\u05d9 \u05d1\u05e7\u05e9\u05d4. \u05e0\u05d9\u05e1\u05d9\u05d5\u05df \u05d9\u05d9\u05e2\u05d5\u05e5 \u05e4\u05e8\u05d9\u05dc\u05e0\u05e1 https:\/\/no-org.net\/heara13\/ &#8211; \u05d0\u05ea\u05e8 \u05d5\u05d5\u05e8\u05d3\u05e4\u05e8\u05e1 \u05de\u05d5\u05ea\u05d0\u05dd \u05d0\u05d9\u05e9\u05d9\u05ea \u05dc\u05d0\u05d9\u05e8\u05d5\u05e2 http:\/\/greatgehennachoir.com\/ &#8211; \u05d0\u05ea\u05e8 \u05d5\u05d5\u05e8\u05d3\u05e4\u05e8\u05e1 \u05d1\u05e2\u05de\u05d5\u05d3 \u05d0\u05d7\u05d3 &#8211; \u05de\u05d5\u05ea\u05d0\u05dd \u05d0\u05d9\u05e9\u05d9\u05ea http:\/\/jenklor.com\/ &#8211; \u05d0\u05ea\u05e8 \u05d5\u05d5\u05e8\u05d3\u05e4\u05e8\u05e1 \u05d1\u05e4\u05e8\u05d9\u05e1\u05ea \u05e4\u05d5\u05e8\u05d8\u05e4\u05d5\u05dc\u05d9\u05d4 https:\/\/campshutaf.org\/ &#8211; \u05d0\u05ea\u05e8 \u05d5\u05d5\u05e8\u05d3\u05e4\u05e8\u05e1 \u05de\u05d5\u05ea\u05d0\u05dd [&hellip;]","og_url":"https:\/\/natanskop.com\/he\/odot\/","og_site_name":"\u05e0\u05ea\u05df \u05e1\u05e7\u05d5\u05e4","article_modified_time":"2020-04-28T07:54:37+00:00","og_image":[{"url":"http:\/\/natanskop.com\/wp-content\/uploads\/2020\/04\/DSC6180-smer2-1-684x1024.jpg","type":"","width":"","height":""}],"schema":{"@context":"https:\/\/schema.org","@graph":[{"@type":"WebPage","@id":"https:\/\/natanskop.com\/he\/odot\/","url":"https:\/\/natanskop.com\/he\/odot\/","name":"\u05d0\u05d5\u05d3\u05d5\u05ea - \u05e0\u05ea\u05df \u05e1\u05e7\u05d5\u05e4","isPartOf":{"@id":"https:\/\/natanskop.com\/he\/#website"},"primaryImageOfPage":{"@id":"https:\/\/natanskop.com\/he\/odot\/#primaryimage"},"image":{"@id":"https:\/\/natanskop.com\/he\/odot\/#primaryimage"},"thumbnailUrl":"http:\/\/natanskop.com\/wp-content\/uploads\/2020\/04\/DSC6180-smer2-1-684x1024.jpg","datePublished":"2014-08-14T22:47:57+00:00","dateModified":"2020-04-28T07:54:37+00:00","inLanguage":"he-IL","potentialAction":[{"@type":"ReadAction","target":["https:\/\/natanskop.com\/he\/odot\/"]}]},{"@type":"ImageObject","inLanguage":"he-IL","@id":"https:\/\/natanskop.com\/he\/odot\/#primaryimage","url":"http:\/\/natanskop.com\/wp-content\/uploads\/2020\/04\/DSC6180-smer2-1-684x1024.jpg","contentUrl":"http:\/\/natanskop.com\/wp-content\/uploads\/2020\/04\/DSC6180-smer2-1-684x1024.jpg"},{"@type":"WebSite","@id":"https:\/\/natanskop.com\/he\/#website","url":"https:\/\/natanskop.com\/he\/","name":"\u05e0\u05ea\u05df \u05e1\u05e7\u05d5\u05e4","description":"\u05ea\u05d0\u05d8\u05e8\u05d5\u05df \/ \u05d0\u05d9\u05e0\u05d8\u05e8\u05e0\u05d8","potentialAction":[{"@type":"SearchAction","target":{"@type":"EntryPoint","urlTemplate":"https:\/\/natanskop.com\/he\/?s={search_term_string}"},"query-input":{"@type":"PropertyValueSpecification","valueRequired":true,"valueName":"search_term_string"}}],"inLanguage":"he-IL"}]}},"jetpack_sharing_enabled":true,"jetpack_shortlink":"https:\/\/wp.me\/P4ffgz-1s","jetpack_likes_enabled":true,"_links":{"self":[{"href":"https:\/\/natanskop.com\/he\/wp-json\/wp\/v2\/pages\/90","targetHints":{"allow":["GET"]}}],"collection":[{"href":"https:\/\/natanskop.com\/he\/wp-json\/wp\/v2\/pages"}],"about":[{"href":"https:\/\/natanskop.com\/he\/wp-json\/wp\/v2\/types\/page"}],"author":[{"embeddable":true,"href":"https:\/\/natanskop.com\/he\/wp-json\/wp\/v2\/users\/1"}],"replies":[{"embeddable":true,"href":"https:\/\/natanskop.com\/he\/wp-json\/wp\/v2\/comments?post=90"}],"version-history":[{"count":8,"href":"https:\/\/natanskop.com\/he\/wp-json\/wp\/v2\/pages\/90\/revisions"}],"predecessor-version":[{"id":1044,"href":"https:\/\/natanskop.com\/he\/wp-json\/wp\/v2\/pages\/90\/revisions\/1044"}],"wp:attachment":[{"href":"https:\/\/natanskop.com\/he\/wp-json\/wp\/v2\/media?parent=90"}],"curies":[{"name":"wp","href":"https:\/\/api.w.org\/{rel}","templated":true}]}}